{"id":15,"date":"2020-11-22T06:11:58","date_gmt":"2020-11-22T06:11:58","guid":{"rendered":"https:\/\/tmcmusic.de\/?page_id=15"},"modified":"2021-07-21T11:41:38","modified_gmt":"2021-07-21T11:41:38","slug":"licht-tontechnik","status":"publish","type":"page","link":"https:\/\/tmcmusic.de\/?page_id=15","title":{"rendered":"Licht- &#038; Tontechnik"},"content":{"rendered":"\n<p>Konzerte und Theatervorstellungen sind Visitenkarten f\u00fcr jeden Veranstalter und K\u00fcnstler*in.<\/p>\n\n\n\n<p>Der gute Ton ist Hauptaugenmerk jeder Produktion (Musikproduktion, H\u00f6rspiel, H\u00f6rbuch) und Veranstaltung (Comedy, Konzert, Theater, Zaubershow). Schon von Beginn an gilt bei mir, dass der Ton stimmt und \u201eendet\u201c erst, wenn das Projekt abgeschlossen wurde. Der gute Ton endet bei mir nie.<\/p>\n\n\n\n<div id=\"section-g83c742\" class=\"wp-block-gutentor-e6 section-g83c742 gutentor-element gutentor-element-image gutentor-enabled-width\"><div class=\"gutentor-element-image-box\"><div class=\"gutentor-image-thumb\"><img decoding=\"async\" class=\"normal-image\" src=\"https:\/\/tmcmusic.de\/wp-content\/uploads\/2021\/07\/2021chris-technik1kl.png\"\/><\/div><\/div><\/div>\n\n\n\n<p>Jede Veranstaltung bzw. jede Szene soll und muss im richtigen Licht stehen. Dazu verwende ich das bestehende Lichtset vor Ort.<\/p>\n\n\n\n<p>Mein Motto: Kompetenz, freundlicher Umgang und ein Gesp\u00fcr f\u00fcr die passende Umsetzung Ihrer Vorstellungen und W\u00fcnsche.<\/p>\n\n\n\n<p>Gern unterst\u00fctze ich Sie mit meiner langj\u00e4hrigen Erfahrung. Rufen Sie mich an.<\/p>\n\n\n\n<p>Mobil: 0171 689 83 96<br>Festnetz: 030 \u2013 474 883 65<br>E-Mail: <a href=\"mailto:chmueller@tmcmusic.de\">chmueller@tmcmusic.de<\/a><\/p>\n\n\n\n<p>Hinweis: Meine Arbeit f\u00fchre ich ausschlie\u00dflich mit dem vor Ort befindlichen Licht- &amp; Tontechnik durch. Selber kann ich keine Technik mitbringen.<\/p>\n","protected":false},"excerpt":{"rendered":"<p>Konzerte und Theatervorstellungen sind Visitenkarten f\u00fcr jeden Veranstalter und K\u00fcnstler*in. Der gute Ton ist Hauptaugenmerk jeder Produktion (Musikproduktion, H\u00f6rspiel, H\u00f6rbuch) und Veranstaltung (Comedy, Konzert, Theater, Zaubershow). Schon von Beginn an&hellip;<a href=\"https:\/\/tmcmusic.de\/?page_id=15\" class=\"more-link\"><span class=\"more-button\">Continue reading<span class=\"screen-reader-text\">Licht- &#038; Tontechnik<\/span><\/span><\/a><\/p>\n","protected":false},"author":1,"featured_media":0,"parent":0,"menu_order":0,"comment_status":"closed","ping_status":"closed","template":"","meta":{"_price":"","_stock":"","_tribe_ticket_header":"","_tribe_default_ticket_provider":"","_tribe_ticket_capacity":"0","_ticket_start_date":"","_ticket_end_date":"","_tribe_ticket_show_description":"","_tribe_ticket_show_not_going":false,"_tribe_ticket_use_global_stock":"","_tribe_ticket_global_stock_level":"","_global_stock_mode":"","_global_stock_cap":"","_tribe_rsvp_for_event":"","_tribe_ticket_going_count":"","_tribe_ticket_not_going_count":"","_tribe_tickets_list":"[]","_tribe_ticket_has_attendee_info_fields":false,"footnotes":"","_tec_slr_enabled":"","_tec_slr_layout":""},"class_list":["post-15","page","type-page","status-publish","hentry"],"ticketed":false,"_links":{"self":[{"href":"https:\/\/tmcmusic.de\/index.php?rest_route=\/wp\/v2\/pages\/15","targetHints":{"allow":["GET"]}}],"collection":[{"href":"https:\/\/tmcmusic.de\/index.php?rest_route=\/wp\/v2\/pages"}],"about":[{"href":"https:\/\/tmcmusic.de\/index.php?rest_route=\/wp\/v2\/types\/page"}],"author":[{"embeddable":true,"href":"https:\/\/tmcmusic.de\/index.php?rest_route=\/wp\/v2\/users\/1"}],"replies":[{"embeddable":true,"href":"https:\/\/tmcmusic.de\/index.php?rest_route=%2Fwp%2Fv2%2Fcomments&post=15"}],"version-history":[{"count":10,"href":"https:\/\/tmcmusic.de\/index.php?rest_route=\/wp\/v2\/pages\/15\/revisions"}],"predecessor-version":[{"id":268,"href":"https:\/\/tmcmusic.de\/index.php?rest_route=\/wp\/v2\/pages\/15\/revisions\/268"}],"wp:attachment":[{"href":"https:\/\/tmcmusic.de\/index.php?rest_route=%2Fwp%2Fv2%2Fmedia&parent=15"}],"curies":[{"name":"wp","href":"https:\/\/api.w.org\/{rel}","templated":true}]}}