{"id":4,"date":"2020-11-22T05:48:03","date_gmt":"2020-11-22T05:48:03","guid":{"rendered":"https:\/\/tmcmusic.de\/?page_id=4"},"modified":"2023-11-17T06:50:03","modified_gmt":"2023-11-17T06:50:03","slug":"willkommen-auf-https-tmcmusic-de","status":"publish","type":"page","link":"https:\/\/tmcmusic.de\/","title":{"rendered":"Willkommen"},"content":{"rendered":"\n<p>Herzlich willkommen und entdecken Sie meine Vielseitigkeit.<br>Auf dieser Webseite sehen Sie offensichtlich drei Bereiche in dem ich arbeite.<\/p>\n\n\n\n<ul class=\"wp-block-list\">\n<li><a href=\"https:\/\/tmcmusic.de\/?page_id=15\" data-type=\"page\" data-id=\"15\">Licht- &amp; Tonmeister<\/a><\/li>\n\n\n\n<li><a href=\"https:\/\/tmcmusic.de\/?page_id=54\" data-type=\"page\" data-id=\"54\">(Abend-)Spielleiter<\/a><\/li>\n<\/ul>\n\n\n\n<p>Und wer genau hinschaut entdeckt noch viel mehr&#8230;<\/p>\n\n\n\n<figure class=\"wp-block-image size-large is-resized\"><img loading=\"lazy\" decoding=\"async\" width=\"900\" height=\"18\" src=\"https:\/\/tmcmusic.de\/wp-content\/uploads\/2021\/01\/schnoerkel.png\" alt=\"\" class=\"wp-image-187\" style=\"width:600px;height:12px\" srcset=\"https:\/\/tmcmusic.de\/wp-content\/uploads\/2021\/01\/schnoerkel.png 900w, https:\/\/tmcmusic.de\/wp-content\/uploads\/2021\/01\/schnoerkel-300x6.png 300w, https:\/\/tmcmusic.de\/wp-content\/uploads\/2021\/01\/schnoerkel-768x15.png 768w, https:\/\/tmcmusic.de\/wp-content\/uploads\/2021\/01\/schnoerkel-825x17.png 825w, https:\/\/tmcmusic.de\/wp-content\/uploads\/2021\/01\/schnoerkel-600x12.png 600w, https:\/\/tmcmusic.de\/wp-content\/uploads\/2021\/01\/schnoerkel-400x8.png 400w\" sizes=\"auto, (max-width: 900px) 100vw, 900px\" \/><\/figure>\n\n\n\n<p>Sehen Sie in staunende und freudige Gesichter auf Ihrer n\u00e4chsten Veranstaltung.<\/p>\n\n\n\n<p>Begeistertes Publikum und gl\u00fcckliche K\u00fcnstler bekommen Sie, wenn durch das Licht die richtige Atmosph\u00e4re entsteht und der Klang der Darbietung alle mitrei\u00dft. Sie erhalten ein erfolgreiches Event, und das Publikum wird sich an diesem unvergesslichen und au\u00dfergew\u00f6hnlichen Erlebnis begeistert erinnern.<\/p>\n\n\n\n<p>Mit meinen Erfahrungen von \u00fcber 150 Veranstaltungen pro Jahr als <a href=\"https:\/\/tmcmusic.de\/?page_id=15\" data-type=\"page\" data-id=\"15\">Licht- &amp; Tonmeister<\/a> und <a href=\"https:\/\/tmcmusic.de\/?page_id=54\" data-type=\"page\" data-id=\"54\">Spielleiter<\/a>, habe ich das Gesp\u00fcr die K\u00fcnstler in das richtige Licht zu setzen und diese zugleich pr\u00e4sent erklingen zu lassen. <\/p>\n\n\n\n<div id=\"section-g7c2b2a\" class=\"wp-block-gutentor-e6 section-g7c2b2a gutentor-element gutentor-element-image gutentor-enabled-width\"><div class=\"gutentor-element-image-box\"><div class=\"gutentor-image-thumb\"><img decoding=\"async\" class=\"normal-image\" src=\"https:\/\/tmcmusic.de\/wp-content\/uploads\/2020\/11\/2017chris-technik1kl.png\"\/><\/div><\/div><\/div>\n\n\n\n<p>Seit 2001 arbeite ich in der Veranstaltungsbranche &#8211; Comedy, Zaubershows, Theater wie auch Konzerte. Ich schaue immer \u00fcber den \u00bbTellerrand\u00ab hinaus, um das Ganze der Veranstaltung im Auge zu behalten und dementsprechend zu agieren. Nichts wird dem Zufall \u00fcberlassen und das Ganze wird noch durch meinen freundlichen Umgang aller Beteiligten abgerundet.<\/p>\n\n\n\n<ol class=\"wp-block-list\">\n<li>Vielseitigkeit bei der Arbeit.<\/li>\n\n\n\n<li>Kompetenz in der Ausf\u00fchrung.<\/li>\n\n\n\n<li>Sicherheit f\u00fcr Sie als Veranstalter.<\/li>\n\n\n\n<li>Flexibel anpassbar!<\/li>\n<\/ol>\n\n\n\n<p>Meine Arbeit passe ich ganz nach Ihren W\u00fcnschen und \u00f6rtlichen Gegebenheiten f\u00fcr ein individuelles Showerlebnis an.<\/p>\n\n\n\n<p>Sie w\u00fcnschen, dass ich f\u00fcr Ihre Veranstaltung arbeite? Dann nehmen Sie Kontakt mit mir auf!<\/p>\n\n\n\n<p>Ich freu mich auf Sie.<\/p>\n\n\n\n<p><br><\/p>\n\n\n\n<p>Mobil: 0171 689 83 96<br>Festnetz: 030 \u2013 474 883 65<br>E-Mail: <a href=\"mailto:chmueller@tmcmusic.de\">chmueller@tmcmusic.de<\/a> <\/p>\n","protected":false},"excerpt":{"rendered":"<p>Herzlich willkommen und entdecken Sie meine Vielseitigkeit.Auf dieser Webseite sehen Sie offensichtlich drei Bereiche in dem ich arbeite. Und wer genau hinschaut entdeckt noch viel mehr&#8230; Sehen Sie in staunende&hellip;<a href=\"https:\/\/tmcmusic.de\/\" class=\"more-link\"><span class=\"more-button\">Continue reading<span class=\"screen-reader-text\">Willkommen<\/span><\/span><\/a><\/p>\n","protected":false},"author":1,"featured_media":0,"parent":0,"menu_order":0,"comment_status":"closed","ping_status":"open","template":"","meta":{"_price":"","_stock":"","_tribe_ticket_header":"","_tribe_default_ticket_provider":"","_tribe_ticket_capacity":"0","_ticket_start_date":"","_ticket_end_date":"","_tribe_ticket_show_description":"","_tribe_ticket_show_not_going":false,"_tribe_ticket_use_global_stock":"","_tribe_ticket_global_stock_level":"","_global_stock_mode":"","_global_stock_cap":"","_tribe_rsvp_for_event":"","_tribe_ticket_going_count":"","_tribe_ticket_not_going_count":"","_tribe_tickets_list":"[]","_tribe_ticket_has_attendee_info_fields":false,"footnotes":"","_tec_slr_enabled":"","_tec_slr_layout":""},"class_list":["post-4","page","type-page","status-publish","hentry"],"ticketed":false,"_links":{"self":[{"href":"https:\/\/tmcmusic.de\/index.php?rest_route=\/wp\/v2\/pages\/4","targetHints":{"allow":["GET"]}}],"collection":[{"href":"https:\/\/tmcmusic.de\/index.php?rest_route=\/wp\/v2\/pages"}],"about":[{"href":"https:\/\/tmcmusic.de\/index.php?rest_route=\/wp\/v2\/types\/page"}],"author":[{"embeddable":true,"href":"https:\/\/tmcmusic.de\/index.php?rest_route=\/wp\/v2\/users\/1"}],"replies":[{"embeddable":true,"href":"https:\/\/tmcmusic.de\/index.php?rest_route=%2Fwp%2Fv2%2Fcomments&post=4"}],"version-history":[{"count":15,"href":"https:\/\/tmcmusic.de\/index.php?rest_route=\/wp\/v2\/pages\/4\/revisions"}],"predecessor-version":[{"id":329,"href":"https:\/\/tmcmusic.de\/index.php?rest_route=\/wp\/v2\/pages\/4\/revisions\/329"}],"wp:attachment":[{"href":"https:\/\/tmcmusic.de\/index.php?rest_route=%2Fwp%2Fv2%2Fmedia&parent=4"}],"curies":[{"name":"wp","href":"https:\/\/api.w.org\/{rel}","templated":true}]}}